{"id":16,"date":"2023-03-29T16:20:55","date_gmt":"2023-03-29T16:20:55","guid":{"rendered":"https:\/\/tobarhotel.com\/?page_id=16"},"modified":"2023-03-29T18:33:04","modified_gmt":"2023-03-29T18:33:04","slug":"inicio","status":"publish","type":"page","link":"https:\/\/casonatobarhotel.com\/","title":{"rendered":"Inicio"},"content":{"rendered":"\t<section class=\"section\" id=\"section_1784309351\">\n\t\t<div class=\"bg section-bg fill bg-fill  \" >\n\n\t\t\t\t<div class=\"video-overlay no-click fill visible\"><\/div>\n\t<video class=\"video-bg fill visible\" preload playsinline autoplay muted loop>\n\t\t<source src=\"https:\/\/wtobarhotel.com\/recursos\/home.MP4\" type=\"video\/mp4\">\t<\/video>\n\n\t\t\t<div class=\"section-bg-overlay absolute fill\"><\/div><div class=\"loading-spin centered\"><\/div><button class=\"scroll-for-more z-5 icon absolute bottom h-center\" aria-label=\"Scroll for more\"><i class=\"icon-angle-down\" style=\"font-size:42px;\" ><\/i><\/button>\n\t\t\t\n\n\t\t<\/div>\n\n\t\t\n\n\t\t<div class=\"section-content relative\">\n\t\t\t\n<div class=\"row row-collapse align-center\"  id=\"row-647704369\"><\/p>\n<p>\n\t<div id=\"col-1147271668\" class=\"col medium-10 small-12 large-10\"  >\n\t\t\t\t<div class=\"col-inner text-center dark\"  >\n\t\t\t\n\t\t\t<\/p>\n<p>\t<div id=\"text-2034615130\" class=\"text\">\n\t\t<\/p>\n<h2 class=\"uppercase\">Descubre la aut\u00e9ntica<br \/>\nesencia de Quito <\/h2>\n<p>\t\t\n<style>\n#text-2034615130 {\n  font-size: 2.65rem;\n}\n<\/style>\n\t<\/div>\n\t<\/p>\n<p>\t\t<\/div>\n\t\t\t\t\t<\/div>\n\n\t<br \/>\n\n\t<div id=\"col-428359305\" class=\"col medium-7 small-12 large-7\"  >\n\t\t\t\t<div class=\"col-inner text-center dark\"  >\n\t\t\t\n\t\t\t<\/p>\n<div class=\"container section-title-container\" ><h3 class=\"section-title section-title-center\"><b><\/b><span class=\"section-title-main\" style=\"font-size:104%;\">Un oasis de tranquilidad y elegancia en el centro hist\u00f3rico de la ciudad<\/span><b><\/b><\/h3><\/div>\n<p><a class=\"button success is-outline\"  >\n    <span>Reservar ahora<\/span>\n  <\/a>\n<\/p>\n<p>\t\t<\/div>\n\t\t\t\t\t<\/div>\n\n\t<\/p>\n<p><\/div>\n<p>\t\t<\/div>\n\n\t\t\n<style>\n#section_1784309351 {\n  padding-top: 30px;\n  padding-bottom: 30px;\n  min-height: 900px;\n}\n#section_1784309351 .section-bg-overlay {\n  background-color: rgba(0,0,0,.5);\n}\n#section_1784309351 .section-bg.bg-loaded {\n  background-image: url(https:\/\/casonatobarhotel.com\/wp-content\/uploads\/2023\/03\/Iglesia_de_Santo_Domingo_Quito.jpg);\n}\n#section_1784309351 .ux-shape-divider--top svg {\n  height: 150px;\n  --divider-top-width: 100%;\n}\n#section_1784309351 .ux-shape-divider--bottom svg {\n  height: 150px;\n  --divider-width: 100%;\n}\n<\/style>\n\t<\/section>\n\t<br \/>\n\t<section class=\"section\" id=\"section_365541580\">\n\t\t<div class=\"bg section-bg fill bg-fill  bg-loaded\" >\n\n\t\t\t\n\t\t\t\n\t\t\t\n\n\t\t<\/div>\n\n\t\t\n\n\t\t<div class=\"section-content relative\">\n\t\t\t<\/p>\n<div class=\"row align-middle\"  id=\"row-2074477301\"><\/p>\n<p>\n\t<div id=\"col-882280872\" class=\"col medium-6 small-12 large-6\"  >\n\t\t\t\t<div class=\"col-inner\"  >\n\t\t\t\n\t\t\t<\/p>\n<p>\t<div class=\"img has-hover x md-x lg-x y md-y lg-y\" id=\"image_1237407208\">\n\t\t\t\t\t\t\t\t<div class=\"img-inner dark\" >\n\t\t\t<img loading=\"lazy\" decoding=\"async\" width=\"957\" height=\"900\" src=\"https:\/\/casonatobarhotel.com\/wp-content\/uploads\/2023\/03\/hero-tobarhotel.png\" class=\"attachment-large size-large\" alt=\"\" srcset=\"https:\/\/casonatobarhotel.com\/wp-content\/uploads\/2023\/03\/hero-tobarhotel.png 957w, https:\/\/casonatobarhotel.com\/wp-content\/uploads\/2023\/03\/hero-tobarhotel-300x282.png 300w, https:\/\/casonatobarhotel.com\/wp-content\/uploads\/2023\/03\/hero-tobarhotel-768x722.png 768w\" sizes=\"auto, (max-width: 957px) 100vw, 957px\" \/>\t\t\t\t\t\t\n\t\t\t\t\t<\/div>\n\t\t\t\t\t\t\t\t\n<style>\n#image_1237407208 {\n  width: 100%;\n}\n<\/style>\n\t<\/div>\n\t<\/p>\n<p>\t\t<\/div>\n\t\t\t\t\t<\/div>\n\n\t<br \/>\n\n\t<div id=\"col-1202818857\" class=\"col medium-6 small-12 large-6\"  >\n\t\t\t\t<div class=\"col-inner text-center\"  >\n\t\t\t\n\t\t\t<\/p>\n<p>\t<div id=\"text-2148128452\" class=\"text\">\n\t\t<\/p>\n<h2>Un hogar patrimonial en el coraz\u00f3n de Quito<\/h2>\n<p>\t\t\n<style>\n#text-2148128452 {\n  font-size: 2.05rem;\n}\n<\/style>\n\t<\/div>\n\t<br \/>\n<div class=\"container section-title-container\" ><h3 class=\"section-title section-title-center\"><b><\/b><span class=\"section-title-main\" style=\"font-size:84%;\">UN HOGAR PATRIMONIAL EN EL CORAZ\u00d3N DE QUITO<\/span><b><\/b><\/h3><\/div>\n<p>Casona Tobar, un hotel patrimonial de 4 estrellas, te espera en el centro hist\u00f3rico de Quito con 31 habitaciones modernas, wifi gratis, desayuno americano extendido, patios c\u00f3modos para descansar y la mejor asesor\u00eda en excursiones y experiencias \u00fanicas en la ciudad y todo Ecuador.<\/p>\n<p><a class=\"button success is-outline\"  >\n    <span>Conoce la Casona tobar<\/span>\n  <\/a>\n<\/p>\n<p>\t\t<\/div>\n\t\t\t\t\t<\/div>\n\n\t<\/p>\n<p><\/div>\n<p>\t\t<\/div>\n\n\t\t\n<style>\n#section_365541580 {\n  padding-top: 30px;\n  padding-bottom: 30px;\n}\n#section_365541580 .ux-shape-divider--top svg {\n  height: 150px;\n  --divider-top-width: 100%;\n}\n#section_365541580 .ux-shape-divider--bottom svg {\n  height: 150px;\n  --divider-width: 100%;\n}\n<\/style>\n\t<\/section>\n\t<br \/>\n\t<section class=\"section\" id=\"section_521318682\">\n\t\t<div class=\"bg section-bg fill bg-fill  bg-loaded\" >\n\n\t\t\t\n\t\t\t\n\t\t\t\n\n\t\t<\/div>\n\n\t\t\n\n\t\t<div class=\"section-content relative\">\n\t\t\t<\/p>\n<div class=\"row row-collapse align-center\"  id=\"row-19718115\">\n\n\t<div id=\"col-1363331232\" class=\"col small-12 large-12\"  >\n\t\t\t\t<div class=\"col-inner text-center\"  >\n\t\t\t\n\t\t\t\n\t<div id=\"text-2477799228\" class=\"text\">\n\t\t<\/p>\n<h2>Nuestras habitaciones<\/h2>\n<p>\t\t\n<style>\n#text-2477799228 {\n  font-size: 2.05rem;\n}\n<\/style>\n\t<\/div>\n\t\n<p>\t\t<\/div>\n\t\t\t\t\t<\/div>\n\n\t<br \/>\n\n\t<div id=\"col-651025010\" class=\"col medium-9 small-12 large-9\"  >\n\t\t\t\t<div class=\"col-inner\"  >\n\t\t\t\n\t\t\t<\/p>\n<div class=\"container section-title-container\" ><h3 class=\"section-title section-title-center\"><b><\/b><span class=\"section-title-main\" style=\"font-size:84%;\">Elegancia Hist\u00f3rica: Habitaciones Exquisitas en Casona Tobar<\/span><b><\/b><\/h3><\/div>\n<p>\t\t<\/div>\n\t\t\t\t\t<\/div>\n\n\t<\/p>\n<p><\/div><br \/>\n<div class=\"row row-collapse row-full-width\"  id=\"row-1027066573\"><\/p>\n\n\t<div id=\"col-1474668357\" class=\"col small-12 large-12\"  >\n\t\t\t\t<div class=\"col-inner\"  >\n\t\t\t\n\t\t\t<\/p>\n<p>\n  \n    <div class=\"row large-columns-3 medium-columns- small-columns-2 row-xsmall row-full-width slider row-slider slider-nav-circle\"  data-flickity-options='{\"imagesLoaded\": true, \"groupCells\": \"100%\", \"dragThreshold\" : 5, \"cellAlign\": \"left\",\"wrapAround\": true,\"prevNextButtons\": true,\"percentPosition\": true,\"pageDots\": false, \"rightToLeft\": false, \"autoPlay\" : 3000}'>\n\n  <div class=\"page-col col\" >\n          <div class=\"col-inner\" >\n          <a class=\"block plain\" href=\"https:\/\/casonatobarhotel.com\/index.php\/habitaciones\/twin\/\" title=\"Twin\" target=\"\">\n            <div class=\"page-box box has-hover box-overlay dark\">\n                  <div class=\"box-image\" >\n                      <div class=\"box-image image-zoom image-cover\" style=\"padding-top:75%;\">\n                      <img loading=\"lazy\" decoding=\"async\" width=\"1560\" height=\"2080\" src=\"https:\/\/casonatobarhotel.com\/wp-content\/uploads\/2023\/03\/Twin-de-luxe.jpg\" class=\"attachment-original size-original\" alt=\"\" srcset=\"https:\/\/casonatobarhotel.com\/wp-content\/uploads\/2023\/03\/Twin-de-luxe.jpg 1560w, https:\/\/casonatobarhotel.com\/wp-content\/uploads\/2023\/03\/Twin-de-luxe-225x300.jpg 225w, https:\/\/casonatobarhotel.com\/wp-content\/uploads\/2023\/03\/Twin-de-luxe-768x1024.jpg 768w, https:\/\/casonatobarhotel.com\/wp-content\/uploads\/2023\/03\/Twin-de-luxe-1152x1536.jpg 1152w, https:\/\/casonatobarhotel.com\/wp-content\/uploads\/2023\/03\/Twin-de-luxe-1536x2048.jpg 1536w\" sizes=\"auto, (max-width: 1560px) 100vw, 1560px\" \/>                      <\/div>\n                      <div class=\"overlay\" style=\"background-color: rgba(0,0,0,.3)\"><\/div>                                        <\/div>\n                  <div class=\"box-text text-left is-large\" >\n                        <div class=\"box-text-inner\">\n                            <p>Twin<\/p>\n                        <\/div>\n                  <\/div>\n              <\/div>\n            <\/a>\n            <\/div>\n          <\/div><div class=\"page-col col\" >\n          <div class=\"col-inner\" >\n          <a class=\"block plain\" href=\"https:\/\/casonatobarhotel.com\/index.php\/habitaciones\/triple\/\" title=\"Triple\" target=\"\">\n            <div class=\"page-box box has-hover box-overlay dark\">\n                  <div class=\"box-image\" >\n                      <div class=\"box-image image-zoom image-cover\" style=\"padding-top:75%;\">\n                      <img loading=\"lazy\" decoding=\"async\" width=\"2080\" height=\"1560\" src=\"https:\/\/casonatobarhotel.com\/wp-content\/uploads\/2023\/03\/IMG_2647.jpg\" class=\"attachment-original size-original\" alt=\"\" srcset=\"https:\/\/casonatobarhotel.com\/wp-content\/uploads\/2023\/03\/IMG_2647.jpg 2080w, https:\/\/casonatobarhotel.com\/wp-content\/uploads\/2023\/03\/IMG_2647-300x225.jpg 300w, https:\/\/casonatobarhotel.com\/wp-content\/uploads\/2023\/03\/IMG_2647-1024x768.jpg 1024w, https:\/\/casonatobarhotel.com\/wp-content\/uploads\/2023\/03\/IMG_2647-768x576.jpg 768w, https:\/\/casonatobarhotel.com\/wp-content\/uploads\/2023\/03\/IMG_2647-1536x1152.jpg 1536w, https:\/\/casonatobarhotel.com\/wp-content\/uploads\/2023\/03\/IMG_2647-2048x1536.jpg 2048w\" sizes=\"auto, (max-width: 2080px) 100vw, 2080px\" \/>                      <\/div>\n                      <div class=\"overlay\" style=\"background-color: rgba(0,0,0,.3)\"><\/div>                                        <\/div>\n                  <div class=\"box-text text-left is-large\" >\n                        <div class=\"box-text-inner\">\n                            <p>Triple<\/p>\n                        <\/div>\n                  <\/div>\n              <\/div>\n            <\/a>\n            <\/div>\n          <\/div><div class=\"page-col col\" >\n          <div class=\"col-inner\" >\n          <a class=\"block plain\" href=\"https:\/\/casonatobarhotel.com\/index.php\/habitaciones\/suite\/\" title=\"Suite\" target=\"\">\n            <div class=\"page-box box has-hover box-overlay dark\">\n                  <div class=\"box-image\" >\n                      <div class=\"box-image image-zoom image-cover\" style=\"padding-top:75%;\">\n                      <img loading=\"lazy\" decoding=\"async\" width=\"1560\" height=\"2080\" src=\"https:\/\/casonatobarhotel.com\/wp-content\/uploads\/2023\/03\/Suite-vista-a-la-Ciudad.jpg\" class=\"attachment-original size-original\" alt=\"\" srcset=\"https:\/\/casonatobarhotel.com\/wp-content\/uploads\/2023\/03\/Suite-vista-a-la-Ciudad.jpg 1560w, https:\/\/casonatobarhotel.com\/wp-content\/uploads\/2023\/03\/Suite-vista-a-la-Ciudad-225x300.jpg 225w, https:\/\/casonatobarhotel.com\/wp-content\/uploads\/2023\/03\/Suite-vista-a-la-Ciudad-768x1024.jpg 768w, https:\/\/casonatobarhotel.com\/wp-content\/uploads\/2023\/03\/Suite-vista-a-la-Ciudad-1152x1536.jpg 1152w, https:\/\/casonatobarhotel.com\/wp-content\/uploads\/2023\/03\/Suite-vista-a-la-Ciudad-1536x2048.jpg 1536w\" sizes=\"auto, (max-width: 1560px) 100vw, 1560px\" \/>                      <\/div>\n                      <div class=\"overlay\" style=\"background-color: rgba(0,0,0,.3)\"><\/div>                                        <\/div>\n                  <div class=\"box-text text-left is-large\" >\n                        <div class=\"box-text-inner\">\n                            <p>Suite<\/p>\n                        <\/div>\n                  <\/div>\n              <\/div>\n            <\/a>\n            <\/div>\n          <\/div><div class=\"page-col col\" >\n          <div class=\"col-inner\" >\n          <a class=\"block plain\" href=\"https:\/\/casonatobarhotel.com\/index.php\/habitaciones\/single\/\" title=\"Single\" target=\"\">\n            <div class=\"page-box box has-hover box-overlay dark\">\n                  <div class=\"box-image\" >\n                      <div class=\"box-image image-zoom image-cover\" style=\"padding-top:75%;\">\n                      <img loading=\"lazy\" decoding=\"async\" width=\"2080\" height=\"1560\" src=\"https:\/\/casonatobarhotel.com\/wp-content\/uploads\/2023\/03\/detalle-matrimonial1.jpg\" class=\"attachment-original size-original\" alt=\"\" srcset=\"https:\/\/casonatobarhotel.com\/wp-content\/uploads\/2023\/03\/detalle-matrimonial1.jpg 2080w, https:\/\/casonatobarhotel.com\/wp-content\/uploads\/2023\/03\/detalle-matrimonial1-300x225.jpg 300w, https:\/\/casonatobarhotel.com\/wp-content\/uploads\/2023\/03\/detalle-matrimonial1-1024x768.jpg 1024w, https:\/\/casonatobarhotel.com\/wp-content\/uploads\/2023\/03\/detalle-matrimonial1-768x576.jpg 768w, https:\/\/casonatobarhotel.com\/wp-content\/uploads\/2023\/03\/detalle-matrimonial1-1536x1152.jpg 1536w, https:\/\/casonatobarhotel.com\/wp-content\/uploads\/2023\/03\/detalle-matrimonial1-2048x1536.jpg 2048w\" sizes=\"auto, (max-width: 2080px) 100vw, 2080px\" \/>                      <\/div>\n                      <div class=\"overlay\" style=\"background-color: rgba(0,0,0,.3)\"><\/div>                                        <\/div>\n                  <div class=\"box-text text-left is-large\" >\n                        <div class=\"box-text-inner\">\n                            <p>Single<\/p>\n                        <\/div>\n                  <\/div>\n              <\/div>\n            <\/a>\n            <\/div>\n          <\/div><div class=\"page-col col\" >\n          <div class=\"col-inner\" >\n          <a class=\"block plain\" href=\"https:\/\/casonatobarhotel.com\/index.php\/habitaciones\/matrimonial\/\" title=\"Matrimonial\" target=\"\">\n            <div class=\"page-box box has-hover box-overlay dark\">\n                  <div class=\"box-image\" >\n                      <div class=\"box-image image-zoom image-cover\" style=\"padding-top:75%;\">\n                      <img loading=\"lazy\" decoding=\"async\" width=\"2080\" height=\"1560\" src=\"https:\/\/casonatobarhotel.com\/wp-content\/uploads\/2023\/03\/Matrimonial-con-tragaluz.jpg\" class=\"attachment-original size-original\" alt=\"\" srcset=\"https:\/\/casonatobarhotel.com\/wp-content\/uploads\/2023\/03\/Matrimonial-con-tragaluz.jpg 2080w, https:\/\/casonatobarhotel.com\/wp-content\/uploads\/2023\/03\/Matrimonial-con-tragaluz-300x225.jpg 300w, https:\/\/casonatobarhotel.com\/wp-content\/uploads\/2023\/03\/Matrimonial-con-tragaluz-1024x768.jpg 1024w, https:\/\/casonatobarhotel.com\/wp-content\/uploads\/2023\/03\/Matrimonial-con-tragaluz-768x576.jpg 768w, https:\/\/casonatobarhotel.com\/wp-content\/uploads\/2023\/03\/Matrimonial-con-tragaluz-1536x1152.jpg 1536w, https:\/\/casonatobarhotel.com\/wp-content\/uploads\/2023\/03\/Matrimonial-con-tragaluz-2048x1536.jpg 2048w\" sizes=\"auto, (max-width: 2080px) 100vw, 2080px\" \/>                      <\/div>\n                      <div class=\"overlay\" style=\"background-color: rgba(0,0,0,.3)\"><\/div>                                        <\/div>\n                  <div class=\"box-text text-left is-large\" >\n                        <div class=\"box-text-inner\">\n                            <p>Matrimonial<\/p>\n                        <\/div>\n                  <\/div>\n              <\/div>\n            <\/a>\n            <\/div>\n          <\/div><div class=\"page-col col\" >\n          <div class=\"col-inner\" >\n          <a class=\"block plain\" href=\"https:\/\/casonatobarhotel.com\/index.php\/habitaciones\/familiar\/\" title=\"Familiar\" target=\"\">\n            <div class=\"page-box box has-hover box-overlay dark\">\n                  <div class=\"box-image\" >\n                      <div class=\"box-image image-zoom image-cover\" style=\"padding-top:75%;\">\n                      <img loading=\"lazy\" decoding=\"async\" width=\"2080\" height=\"1560\" src=\"https:\/\/casonatobarhotel.com\/wp-content\/uploads\/2023\/03\/detalle-cama-suite-hacia-patio.jpg\" class=\"attachment-original size-original\" alt=\"\" srcset=\"https:\/\/casonatobarhotel.com\/wp-content\/uploads\/2023\/03\/detalle-cama-suite-hacia-patio.jpg 2080w, https:\/\/casonatobarhotel.com\/wp-content\/uploads\/2023\/03\/detalle-cama-suite-hacia-patio-300x225.jpg 300w, https:\/\/casonatobarhotel.com\/wp-content\/uploads\/2023\/03\/detalle-cama-suite-hacia-patio-1024x768.jpg 1024w, https:\/\/casonatobarhotel.com\/wp-content\/uploads\/2023\/03\/detalle-cama-suite-hacia-patio-768x576.jpg 768w, https:\/\/casonatobarhotel.com\/wp-content\/uploads\/2023\/03\/detalle-cama-suite-hacia-patio-1536x1152.jpg 1536w, https:\/\/casonatobarhotel.com\/wp-content\/uploads\/2023\/03\/detalle-cama-suite-hacia-patio-2048x1536.jpg 2048w\" sizes=\"auto, (max-width: 2080px) 100vw, 2080px\" \/>                      <\/div>\n                      <div class=\"overlay\" style=\"background-color: rgba(0,0,0,.3)\"><\/div>                                        <\/div>\n                  <div class=\"box-text text-left is-large\" >\n                        <div class=\"box-text-inner\">\n                            <p>Familiar<\/p>\n                        <\/div>\n                  <\/div>\n              <\/div>\n            <\/a>\n            <\/div>\n          <\/div><\/div>\n<p>\t\t<\/div>\n\t\t\t\t\t<\/div>\n\n\t\n<p><\/div>\n<p>\t\t<\/div>\n\n\t\t\n<style>\n#section_521318682 {\n  padding-top: 30px;\n  padding-bottom: 30px;\n}\n#section_521318682 .ux-shape-divider--top svg {\n  height: 150px;\n  --divider-top-width: 100%;\n}\n#section_521318682 .ux-shape-divider--bottom svg {\n  height: 150px;\n  --divider-width: 100%;\n}\n<\/style>\n\t<\/section>\n\t<br \/>\n\t<section class=\"section\" id=\"section_196708654\">\n\t\t<div class=\"bg section-bg fill bg-fill  bg-loaded\" >\n\n\t\t\t\n\t\t\t\n\t\t\t\n\n\t\t<\/div>\n\n\t\t\n\n\t\t<div class=\"section-content relative\">\n\t\t\t<\/p>\n<div class=\"row row-collapse align-center\"  id=\"row-1862492257\"><\/p>\n<p>\n\t<div id=\"col-450320056\" class=\"col small-12 large-12\"  >\n\t\t\t\t<div class=\"col-inner text-center\"  >\n\t\t\t\n\t\t\t<\/p>\n<p>\t<div id=\"text-849246474\" class=\"text\">\n\t\t<\/p>\n<h2>Tu Gu\u00eda Esencial<\/h2>\n<p>\t\t\n<style>\n#text-849246474 {\n  font-size: 2.05rem;\n}\n<\/style>\n\t<\/div>\n\t<\/p>\n<p>\t\t<\/div>\n\t\t\t\t\t<\/div>\n\n\t<br \/>\n\n\t<div id=\"col-2069360975\" class=\"col medium-9 small-12 large-9\"  >\n\t\t\t\t<div class=\"col-inner\"  >\n\t\t\t\n\t\t\t<\/p>\n<div class=\"container section-title-container\" ><h3 class=\"section-title section-title-center\"><b><\/b><span class=\"section-title-main\" style=\"font-size:84%;\">Descubre las Maravillas de Quito<\/span><b><\/b><\/h3><\/div>\n<p>\t\t<\/div>\n\t\t\t\t\t<\/div>\n\n\t<\/p>\n<p><\/div>\n<p>\t\t<\/div>\n\n\t\t\n<style>\n#section_196708654 {\n  padding-top: 30px;\n  padding-bottom: 30px;\n}\n#section_196708654 .ux-shape-divider--top svg {\n  height: 150px;\n  --divider-top-width: 100%;\n}\n#section_196708654 .ux-shape-divider--bottom svg {\n  height: 150px;\n  --divider-width: 100%;\n}\n<\/style>\n\t<\/section>\n\t<br \/>\n\t<section class=\"section\" id=\"section_219949615\">\n\t\t<div class=\"bg section-bg fill bg-fill  bg-loaded\" >\n\n\t\t\t\n\t\t\t\n\t\t\t\n\n\t\t<\/div>\n\n\t\t\n\n\t\t<div class=\"section-content relative\">\n\t\t\t<\/p>\n<div class=\"row row-collapse align-center\"  id=\"row-360847907\"><\/p>\n<p>\n\t<div id=\"col-237333662\" class=\"col small-12 large-12\"  >\n\t\t\t\t<div class=\"col-inner text-center\"  >\n\t\t\t\n\t\t\t<\/p>\n<p>\t<div id=\"text-1174810310\" class=\"text\">\n\t\t<\/p>\n<h2>\u00daltimas noticias<\/h2>\n<p>\t\t\n<style>\n#text-1174810310 {\n  font-size: 2.05rem;\n}\n<\/style>\n\t<\/div>\n\t<\/p>\n<p>\t\t<\/div>\n\t\t\t\t\t<\/div>\n\n\t<br \/>\n\n\t<div id=\"col-1491909550\" class=\"col medium-9 small-12 large-9\"  >\n\t\t\t\t<div class=\"col-inner\"  >\n\t\t\t\n\t\t\t<\/p>\n<div class=\"container section-title-container\" ><h3 class=\"section-title section-title-center\"><b><\/b><span class=\"section-title-main\" style=\"font-size:84%;\">enterate de las \u00faltimas noticias<\/span><b><\/b><\/h3><\/div>\n<p>\t\t<\/div>\n\t\t\t\t\t<\/div>\n\n\t<\/p>\n<p><\/div>\n<p>\t\t<\/div>\n\n\t\t\n<style>\n#section_219949615 {\n  padding-top: 30px;\n  padding-bottom: 30px;\n}\n#section_219949615 .ux-shape-divider--top svg {\n  height: 150px;\n  --divider-top-width: 100%;\n}\n#section_219949615 .ux-shape-divider--bottom svg {\n  height: 150px;\n  --divider-width: 100%;\n}\n<\/style>\n\t<\/section>\n\t<br \/>\n\t<section class=\"section\" id=\"section_265818954\">\n\t\t<div class=\"bg section-bg fill bg-fill  bg-loaded\" >\n\n\t\t\t\n\t\t\t\n\t\t\t\n\n\t\t<\/div>\n\n\t\t\n\n\t\t<div class=\"section-content relative\">\n\t\t\t<\/p>\n<div class=\"row row-collapse align-center\"  id=\"row-1125297815\"><\/p>\n<p>\n\t<div id=\"col-105928360\" class=\"col small-12 large-12\"  >\n\t\t\t\t<div class=\"col-inner text-center\"  >\n\t\t\t\n\t\t\t<\/p>\n<p>\t<div id=\"text-1832657614\" class=\"text\">\n\t\t<\/p>\n<h2>Nuestro Instagram #CasonaTobar<\/h2>\n<p>\t\t\n<style>\n#text-1832657614 {\n  font-size: 2.05rem;\n}\n<\/style>\n\t<\/div>\n\t<\/p>\n<p>\t\t<\/div>\n\t\t\t\t\t<\/div>\n\n\t<br \/>\n\n\t<div id=\"col-2089509510\" class=\"col medium-9 small-12 large-9\"  >\n\t\t\t\t<div class=\"col-inner\"  >\n\t\t\t\n\t\t\t<\/p>\n<div class=\"container section-title-container\" ><h3 class=\"section-title section-title-center\"><b><\/b><span class=\"section-title-main\" style=\"font-size:84%;\">Un tesoro escondido en el coraz\u00f3n de Quito<\/span><b><\/b><\/h3><\/div>\n<p>\t\t<\/div>\n\t\t\t\t\t<\/div>\n\n\t<\/p>\n<p><\/div>\n<p>\t\t<\/div>\n\n\t\t\n<style>\n#section_265818954 {\n  padding-top: 30px;\n  padding-bottom: 30px;\n}\n#section_265818954 .ux-shape-divider--top svg {\n  height: 150px;\n  --divider-top-width: 100%;\n}\n#section_265818954 .ux-shape-divider--bottom svg {\n  height: 150px;\n  --divider-width: 100%;\n}\n<\/style>\n\t<\/section>\n\t<\/p>\n","protected":false},"excerpt":{"rendered":"","protected":false},"author":1,"featured_media":0,"parent":0,"menu_order":0,"comment_status":"closed","ping_status":"closed","template":"","meta":{"footnotes":""},"class_list":["post-16","page","type-page","status-publish","hentry"],"_links":{"self":[{"href":"https:\/\/casonatobarhotel.com\/index.php\/wp-json\/wp\/v2\/pages\/16","targetHints":{"allow":["GET"]}}],"collection":[{"href":"https:\/\/casonatobarhotel.com\/index.php\/wp-json\/wp\/v2\/pages"}],"about":[{"href":"https:\/\/casonatobarhotel.com\/index.php\/wp-json\/wp\/v2\/types\/page"}],"author":[{"embeddable":true,"href":"https:\/\/casonatobarhotel.com\/index.php\/wp-json\/wp\/v2\/users\/1"}],"replies":[{"embeddable":true,"href":"https:\/\/casonatobarhotel.com\/index.php\/wp-json\/wp\/v2\/comments?post=16"}],"version-history":[{"count":36,"href":"https:\/\/casonatobarhotel.com\/index.php\/wp-json\/wp\/v2\/pages\/16\/revisions"}],"predecessor-version":[{"id":118,"href":"https:\/\/casonatobarhotel.com\/index.php\/wp-json\/wp\/v2\/pages\/16\/revisions\/118"}],"wp:attachment":[{"href":"https:\/\/casonatobarhotel.com\/index.php\/wp-json\/wp\/v2\/media?parent=16"}],"curies":[{"name":"wp","href":"https:\/\/api.w.org\/{rel}","templated":true}]}}